{"id":926,"date":"2026-02-25T21:27:52","date_gmt":"2026-02-25T21:27:52","guid":{"rendered":"https:\/\/noapuertobaru.com\/?page_id=926"},"modified":"2026-03-06T20:28:21","modified_gmt":"2026-03-06T20:28:21","slug":"take-action","status":"publish","type":"page","link":"https:\/\/noapuertobaru.com\/en\/take-action\/","title":{"rendered":"Take Action"},"content":{"rendered":"<h1>Toma Acci\u00f3n<\/h1>\n<p><img decoding=\"async\" src=\"\/wp-content\/uploads\/2026\/02\/Firma-la-peticion.png\" alt=\"\"><\/p>\n<h2>Firma la petici\u00f3n<\/h2>\n<div>Tu firma marca una posici\u00f3n clara: Panam\u00e1 cuida su biodiversidad \u00a1LLEGUEMOS A LAS 30.000 FIRMAS!<\/div>\n<p><p>\n        <a href=\"https:\/\/secure.avaaz.org\/community_petitions\/es\/todos_salvemos_los_manglares_de_panama\/\">FIRMA AHORA<\/a>\n    <\/p>\n<\/p>\n<h2>\u00danete a la carta<\/h2>\n<div>En defensa de los defendores de Panam\u00e1. <\/div>\n<p><p>\n        <a href=\"https:\/\/forms.gle\/dfNdVM1vdwti2mfSA\">FIRMA LA CARTA<\/a>\n    <\/p>\n<\/p>\n<p><img decoding=\"async\" src=\"\/wp-content\/uploads\/2026\/02\/Firma-la-carta.png\" alt=\"Leyenda: El 25% de todos los manglares existentes de Panam\u00e1 est\u00e1n en Chiriqu\u00ed. Foto: cortes\u00eda Beny Wilson Altamiranda.\"><br \/>\n<img decoding=\"async\" src=\"\/wp-content\/uploads\/2026\/02\/Be-part-of.png\" alt=\"Turistas y pobladores locales disfrutan de un d\u00eda de playa en la pr\u00edstina costa del Golfo de Chiriqu\u00ed, actualmente amenazada por el proyecto Puerto Bar\u00fa.\"><\/p>\n<h2>S\u00e9 parte de este movimiento.<\/h2>\n<div>Recibe las \u00faltimas actualizaciones <\/div>\n<p><p>\n        <a href=\"https:\/\/noapuertobaru.com\/contactanos\/\">\u00danete ahora<\/a>\n    <\/p>\n<\/p>\n<p><!--more--><br \/>\n<!-- {\"type\":\"layout\",\"children\":[{\"type\":\"section\",\"props\":{\"image_position\":\"center-center\",\"style\":\"default\",\"title_breakpoint\":\"xl\",\"title_position\":\"top-left\",\"title_rotation\":\"left\",\"vertical_align\":\"\",\"width\":\"default\"},\"children\":[{\"type\":\"row\",\"props\":{\"margin_bottom\":\"xlarge\",\"margin_top\":\"xlarge\"},\"children\":[{\"type\":\"column\",\"props\":{\"image_position\":\"center-center\",\"position_sticky_breakpoint\":\"m\",\"width_medium\":\"1-1\"},\"children\":[{\"type\":\"headline\",\"props\":{\"content\":\"Toma Acci\u00f3n\",\"image_align\":\"left\",\"image_margin\":\"xsmall\",\"margin_bottom\":\"small\",\"margin_top\":\"small\",\"text_align\":\"center\",\"title_element\":\"h1\",\"title_style\":\"h1\"}}]}]},{\"type\":\"row\",\"props\":{\"column_gap\":\"large\",\"layout\":\"1-2,1-2\",\"parallax\":false,\"row_gap\":\"large\",\"width\":\"expand\"},\"children\":[{\"type\":\"column\",\"props\":{\"image_position\":\"center-center\",\"position_sticky_breakpoint\":\"m\",\"vertical_align\":\"middle\",\"width_small\":\"1-2\"},\"children\":[{\"type\":\"image\",\"props\":{\"animation\":\"none\",\"image\":\"wp-content\/uploads\/2026\/02\/Firma-la-peticion.png\",\"image_svg_color\":\"emphasis\",\"image_width\":\"610\",\"margin_bottom\":\"default\",\"margin_top\":\"default\",\"parallax_easing\":\"1\",\"parallax_y\":\"0,3vh\",\"text_align\":\"center\"}}]},{\"type\":\"column\",\"props\":{\"image_position\":\"center-center\",\"position_sticky_breakpoint\":\"m\",\"vertical_align\":\"middle\",\"width_small\":\"1-2\"},\"children\":[{\"type\":\"headline\",\"props\":{\"block_align\":\"center\",\"content\":\"Firma la petici\u00f3n\",\"image_align\":\"left\",\"image_margin\":\"xsmall\",\"maxwidth\":\"large\",\"text_align\":\"left\",\"text_align_breakpoint\":\"s\",\"text_align_fallback\":\"center\",\"title_element\":\"h2\",\"title_style\":\"h4\"}},{\"type\":\"text\",\"props\":{\"block_align\":\"center\",\"column_breakpoint\":\"m\",\"content\":\"Tu firma marca una posici\u00f3n clara: Panam\u00e1 cuida su biodiversidad \u00a1LLEGUEMOS A LAS 30.000 FIRMAS!\",\"margin_bottom\":\"\",\"margin_top\":\"\",\"maxwidth\":\"large\",\"maxwidth_breakpoint\":\"s\",\"text_align\":\"left\"}},{\"type\":\"button\",\"props\":{\"block_align\":\"center\",\"button_size\":\"large\",\"grid_column_gap\":\"small\",\"grid_row_gap\":\"small\",\"margin_bottom\":\"default\",\"margin_top\":\"default\",\"maxwidth\":\"large\",\"maxwidth_breakpoint\":\"s\",\"text_align\":\"left\",\"text_align_breakpoint\":\"s\",\"text_align_fallback\":\"center\"},\"children\":[{\"type\":\"button_item\",\"props\":{\"button_style\":\"primary\",\"content\":\"FIRMA AHORA\",\"dialog_layout\":\"modal\",\"dialog_offcanvas_flip\":true,\"icon\":\"arrow-right\",\"icon_align\":\"right\",\"link\":\"https:\/\/secure.avaaz.org\/community_petitions\/es\/todos_salvemos_los_manglares_de_panama\/\"}}]}]}]},{\"type\":\"row\",\"props\":{\"column_gap\":\"large\",\"layout\":\"1-2,1-2\",\"margin_bottom\":\"large\",\"margin_top\":\"large\",\"row_gap\":\"large\"},\"children\":[{\"type\":\"column\",\"props\":{\"image_position\":\"center-center\",\"position_sticky_breakpoint\":\"m\",\"vertical_align\":\"middle\",\"width_small\":\"1-2\"},\"children\":[{\"type\":\"headline\",\"props\":{\"block_align\":\"center\",\"content\":\"\u00danete a la carta\",\"image_align\":\"left\",\"image_margin\":\"xsmall\",\"maxwidth\":\"large\",\"text_align\":\"left\",\"text_align_breakpoint\":\"s\",\"text_align_fallback\":\"center\",\"title_element\":\"h2\",\"title_style\":\"h4\"}},{\"type\":\"text\",\"props\":{\"block_align\":\"center\",\"column_breakpoint\":\"m\",\"content\":\"En defensa de los defendores de Panam\u00e1. \",\"margin_bottom\":\"\",\"margin_top\":\"\",\"maxwidth\":\"large\",\"maxwidth_breakpoint\":\"s\",\"text_align\":\"left\"}},{\"type\":\"button\",\"props\":{\"block_align\":\"center\",\"button_size\":\"large\",\"grid_column_gap\":\"small\",\"grid_row_gap\":\"small\",\"margin_bottom\":\"default\",\"margin_top\":\"default\",\"maxwidth\":\"large\",\"maxwidth_breakpoint\":\"s\",\"text_align\":\"left\",\"text_align_breakpoint\":\"s\",\"text_align_fallback\":\"center\"},\"children\":[{\"type\":\"button_item\",\"props\":{\"button_style\":\"primary\",\"content\":\"FIRMA LA CARTA\",\"dialog_layout\":\"modal\",\"dialog_offcanvas_flip\":true,\"icon\":\"arrow-right\",\"icon_align\":\"right\",\"link\":\"https:\/\/forms.gle\/dfNdVM1vdwti2mfSA\"}}]}]},{\"type\":\"column\",\"props\":{\"image_position\":\"center-center\",\"order_first\":\"s\",\"position_sticky_breakpoint\":\"m\",\"vertical_align\":\"middle\",\"width_small\":\"1-2\"},\"children\":[{\"type\":\"image\",\"props\":{\"animation\":\"none\",\"image\":\"wp-content\/uploads\/2026\/02\/Firma-la-carta.png\",\"image_alt\":\"Leyenda: El 25% de todos los manglares existentes de Panam\u00e1 est\u00e1n en Chiriqu\u00ed. Foto: cortes\u00eda Beny Wilson Altamiranda.\",\"image_svg_color\":\"emphasis\",\"image_width\":\"620\",\"margin_bottom\":\"default\",\"margin_top\":\"default\",\"parallax_easing\":\"1\",\"parallax_y\":\"0,3vh\",\"text_align\":\"center\"}}]}]},{\"type\":\"row\",\"props\":{\"column_gap\":\"large\",\"layout\":\"1-2,1-2\",\"row_gap\":\"large\"},\"children\":[{\"type\":\"column\",\"props\":{\"image_position\":\"center-center\",\"position_sticky_breakpoint\":\"m\",\"width_small\":\"1-2\"},\"children\":[{\"type\":\"image\",\"props\":{\"animation\":\"none\",\"image\":\"wp-content\/uploads\/2026\/02\/Be-part-of.png\",\"image_alt\":\"Turistas y pobladores locales disfrutan de un d\u00eda de playa en la pr\u00edstina costa del Golfo de Chiriqu\u00ed, actualmente amenazada por el proyecto Puerto Bar\u00fa.\",\"image_svg_color\":\"emphasis\",\"image_width\":\"620\",\"margin_bottom\":\"default\",\"margin_top\":\"default\",\"parallax_easing\":\"1\",\"parallax_y\":\"0,-3vh\",\"text_align\":\"center\"}}]},{\"type\":\"column\",\"props\":{\"image_position\":\"center-center\",\"position_sticky_breakpoint\":\"m\",\"vertical_align\":\"middle\",\"width_small\":\"1-2\"},\"children\":[{\"type\":\"headline\",\"props\":{\"block_align\":\"center\",\"content\":\"S\u00e9 parte de este movimiento.\",\"image_align\":\"left\",\"image_margin\":\"xsmall\",\"maxwidth\":\"large\",\"text_align\":\"left\",\"text_align_breakpoint\":\"s\",\"text_align_fallback\":\"center\",\"title_element\":\"h2\",\"title_style\":\"h4\"}},{\"type\":\"text\",\"props\":{\"block_align\":\"center\",\"column_breakpoint\":\"m\",\"content\":\"Recibe las \u00faltimas actualizaciones \",\"margin_bottom\":\"\",\"margin_top\":\"\",\"maxwidth\":\"large\",\"maxwidth_breakpoint\":\"s\",\"text_align\":\"left\"}},{\"type\":\"button\",\"props\":{\"block_align\":\"center\",\"button_size\":\"large\",\"grid_column_gap\":\"small\",\"grid_row_gap\":\"small\",\"margin_bottom\":\"default\",\"margin_top\":\"default\",\"maxwidth\":\"large\",\"maxwidth_breakpoint\":\"s\",\"text_align\":\"left\",\"text_align_breakpoint\":\"s\",\"text_align_fallback\":\"center\"},\"children\":[{\"type\":\"button_item\",\"props\":{\"button_style\":\"primary\",\"content\":\"\u00danete ahora\",\"dialog_layout\":\"modal\",\"dialog_offcanvas_flip\":true,\"icon\":\"arrow-right\",\"icon_align\":\"right\",\"link\":\"https:\/\/noapuertobaru.com\/contactanos\/\"}}]}]}]}],\"name\":\"Facts & Reports\"}],\"version\":\"5.0.18\"} --><\/p>\n","protected":false},"excerpt":{"rendered":"<p>Toma Acci\u00f3n Firma la petici\u00f3n Tu firma marca una posici\u00f3n clara: Panam\u00e1 cuida su biodiversidad \u00a1LLEGUEMOS A LAS 30.000 FIRMAS! FIRMA AHORA \u00danete a la carta En defensa de los defendores de Panam\u00e1. FIRMA LA CARTA S\u00e9 parte de este movimiento. Recibe las \u00faltimas actualizaciones \u00danete ahora<\/p>","protected":false},"author":3,"featured_media":0,"parent":0,"menu_order":0,"comment_status":"closed","ping_status":"closed","template":"","meta":{"_acf_changed":false,"footnotes":""},"class_list":["post-926","page","type-page","status-publish","hentry"],"acf":[],"yoast_head":"<!-- This site is optimized with the Yoast SEO plugin v27.4 - https:\/\/yoast.com\/product\/yoast-seo-wordpress\/ -->\n<title>No a Puerto Bar\u00fa en David - Toma Acci\u00f3n<\/title>\n<meta name=\"robots\" content=\"index, follow, max-snippet:-1, max-image-preview:large, max-video-preview:-1\" \/>\n<link rel=\"canonical\" href=\"https:\/\/noapuertobaru.com\/en\/take-action\/\" \/>\n<meta property=\"og:locale\" content=\"en_GB\" \/>\n<meta property=\"og:type\" content=\"article\" \/>\n<meta property=\"og:title\" content=\"No a Puerto Bar\u00fa en David - Toma Acci\u00f3n\" \/>\n<meta property=\"og:description\" content=\"Toma Acci\u00f3n Firma la petici\u00f3n Tu firma marca una posici\u00f3n clara: Panam\u00e1 cuida su biodiversidad \u00a1LLEGUEMOS A LAS 30.000 FIRMAS! FIRMA AHORA \u00danete a la carta En defensa de los defendores de Panam\u00e1. FIRMA LA CARTA S\u00e9 parte de este movimiento. Recibe las \u00faltimas actualizaciones \u00danete ahora\" \/>\n<meta property=\"og:url\" content=\"https:\/\/noapuertobaru.com\/en\/take-action\/\" \/>\n<meta property=\"og:site_name\" content=\"No a Puerto Bar&uacute;\" \/>\n<meta property=\"article:modified_time\" content=\"2026-03-06T20:28:21+00:00\" \/>\n<meta property=\"og:image\" content=\"https:\/\/noapuertobaru.com\/wp-content\/uploads\/2024\/10\/puertobaru.jpg\" \/>\n\t<meta property=\"og:image:width\" content=\"2560\" \/>\n\t<meta property=\"og:image:height\" content=\"1440\" \/>\n\t<meta property=\"og:image:type\" content=\"image\/jpeg\" \/>\n<meta name=\"twitter:card\" content=\"summary_large_image\" \/>\n<meta name=\"twitter:label1\" content=\"Estimated reading time\" \/>\n\t<meta name=\"twitter:data1\" content=\"1 minute\" \/>\n<script type=\"application\/ld+json\" class=\"yoast-schema-graph\">{\"@context\":\"https:\\\/\\\/schema.org\",\"@graph\":[{\"@type\":\"WebPage\",\"@id\":\"https:\\\/\\\/noapuertobaru.com\\\/toma-accion\\\/\",\"url\":\"https:\\\/\\\/noapuertobaru.com\\\/toma-accion\\\/\",\"name\":\"No a Puerto Bar\u00fa en David - Toma Acci\u00f3n\",\"isPartOf\":{\"@id\":\"https:\\\/\\\/noapuertobaru.com\\\/#website\"},\"datePublished\":\"2026-02-25T21:27:52+00:00\",\"dateModified\":\"2026-03-06T20:28:21+00:00\",\"breadcrumb\":{\"@id\":\"https:\\\/\\\/noapuertobaru.com\\\/toma-accion\\\/#breadcrumb\"},\"inLanguage\":\"en-GB\",\"potentialAction\":[{\"@type\":\"ReadAction\",\"target\":[\"https:\\\/\\\/noapuertobaru.com\\\/toma-accion\\\/\"]}]},{\"@type\":\"BreadcrumbList\",\"@id\":\"https:\\\/\\\/noapuertobaru.com\\\/toma-accion\\\/#breadcrumb\",\"itemListElement\":[{\"@type\":\"ListItem\",\"position\":1,\"name\":\"Home\",\"item\":\"https:\\\/\\\/noapuertobaru.com\\\/\"},{\"@type\":\"ListItem\",\"position\":2,\"name\":\"Toma Acci\u00f3n\"}]},{\"@type\":\"WebSite\",\"@id\":\"https:\\\/\\\/noapuertobaru.com\\\/#website\",\"url\":\"https:\\\/\\\/noapuertobaru.com\\\/\",\"name\":\"No a Puerto Bar\u00fa\",\"description\":\"No a Puerto Bar&uacute; is a coalition of environmental organisations from Panama.\",\"potentialAction\":[{\"@type\":\"SearchAction\",\"target\":{\"@type\":\"EntryPoint\",\"urlTemplate\":\"https:\\\/\\\/noapuertobaru.com\\\/?s={search_term_string}\"},\"query-input\":{\"@type\":\"PropertyValueSpecification\",\"valueRequired\":true,\"valueName\":\"search_term_string\"}}],\"inLanguage\":\"en-GB\"}]}<\/script>\n<!-- \/ Yoast SEO plugin. -->","yoast_head_json":{"title":"No to Puerto Bar\u00fa in David - Take Action","robots":{"index":"index","follow":"follow","max-snippet":"max-snippet:-1","max-image-preview":"max-image-preview:large","max-video-preview":"max-video-preview:-1"},"canonical":"https:\/\/noapuertobaru.com\/en\/take-action\/","og_locale":"en_GB","og_type":"article","og_title":"No a Puerto Bar\u00fa en David - Toma Acci\u00f3n","og_description":"Toma Acci\u00f3n Firma la petici\u00f3n Tu firma marca una posici\u00f3n clara: Panam\u00e1 cuida su biodiversidad \u00a1LLEGUEMOS A LAS 30.000 FIRMAS! FIRMA AHORA \u00danete a la carta En defensa de los defendores de Panam\u00e1. FIRMA LA CARTA S\u00e9 parte de este movimiento. Recibe las \u00faltimas actualizaciones \u00danete ahora","og_url":"https:\/\/noapuertobaru.com\/en\/take-action\/","og_site_name":"No a Puerto Bar&uacute;","article_modified_time":"2026-03-06T20:28:21+00:00","og_image":[{"width":2560,"height":1440,"url":"https:\/\/noapuertobaru.com\/wp-content\/uploads\/2024\/10\/puertobaru.jpg","type":"image\/jpeg"}],"twitter_card":"summary_large_image","twitter_misc":{"Estimated reading time":"1 minute"},"schema":{"@context":"https:\/\/schema.org","@graph":[{"@type":"WebPage","@id":"https:\/\/noapuertobaru.com\/toma-accion\/","url":"https:\/\/noapuertobaru.com\/toma-accion\/","name":"No to Puerto Bar\u00fa in David - Take Action","isPartOf":{"@id":"https:\/\/noapuertobaru.com\/#website"},"datePublished":"2026-02-25T21:27:52+00:00","dateModified":"2026-03-06T20:28:21+00:00","breadcrumb":{"@id":"https:\/\/noapuertobaru.com\/toma-accion\/#breadcrumb"},"inLanguage":"en-GB","potentialAction":[{"@type":"ReadAction","target":["https:\/\/noapuertobaru.com\/toma-accion\/"]}]},{"@type":"BreadcrumbList","@id":"https:\/\/noapuertobaru.com\/toma-accion\/#breadcrumb","itemListElement":[{"@type":"ListItem","position":1,"name":"Home","item":"https:\/\/noapuertobaru.com\/"},{"@type":"ListItem","position":2,"name":"Toma Acci\u00f3n"}]},{"@type":"WebSite","@id":"https:\/\/noapuertobaru.com\/#website","url":"https:\/\/noapuertobaru.com\/","name":"No To Puerto Bar\u00fa","description":"No a Puerto Bar\u00fa is a coalition of environmental organisations from Panama.","potentialAction":[{"@type":"SearchAction","target":{"@type":"EntryPoint","urlTemplate":"https:\/\/noapuertobaru.com\/?s={search_term_string}"},"query-input":{"@type":"PropertyValueSpecification","valueRequired":true,"valueName":"search_term_string"}}],"inLanguage":"en-GB"}]}},"_links":{"self":[{"href":"https:\/\/noapuertobaru.com\/en\/wp-json\/wp\/v2\/pages\/926","targetHints":{"allow":["GET"]}}],"collection":[{"href":"https:\/\/noapuertobaru.com\/en\/wp-json\/wp\/v2\/pages"}],"about":[{"href":"https:\/\/noapuertobaru.com\/en\/wp-json\/wp\/v2\/types\/page"}],"author":[{"embeddable":true,"href":"https:\/\/noapuertobaru.com\/en\/wp-json\/wp\/v2\/users\/3"}],"replies":[{"embeddable":true,"href":"https:\/\/noapuertobaru.com\/en\/wp-json\/wp\/v2\/comments?post=926"}],"version-history":[{"count":18,"href":"https:\/\/noapuertobaru.com\/en\/wp-json\/wp\/v2\/pages\/926\/revisions"}],"predecessor-version":[{"id":1403,"href":"https:\/\/noapuertobaru.com\/en\/wp-json\/wp\/v2\/pages\/926\/revisions\/1403"}],"wp:attachment":[{"href":"https:\/\/noapuertobaru.com\/en\/wp-json\/wp\/v2\/media?parent=926"}],"curies":[{"name":"wp","href":"https:\/\/api.w.org\/{rel}","templated":true}]}}