{"id":1372,"date":"2026-02-25T21:48:23","date_gmt":"2026-02-25T21:48:23","guid":{"rendered":"https:\/\/noapuertobaru.com\/?page_id=1372"},"modified":"2026-03-06T20:17:56","modified_gmt":"2026-03-06T20:17:56","slug":"technical-reports","status":"publish","type":"page","link":"https:\/\/noapuertobaru.com\/en\/technical-reports\/","title":{"rendered":"Puerto Bar\u00fa Technical Reports"},"content":{"rendered":"<h2>Informes T\u00e9cnicos de Puerto Bar\u00fa<\/h2>\n<div>\n<p>Descarga noticias y otros recursos.<\/p>\n<\/div>\n<ul>\n<li>\n<p>        <img decoding=\"async\" src=\"\/wp-content\/uploads\/2025\/11\/report1.jpeg\" alt=\"\"><\/p>\n<h3>An\u00e1lisis T\u00e9cnico de los impactos ambientales del proyecto Puerto Bar\u00fa, Panam\u00e1.<\/h3>\n<div>\n<p>Lynker &#8211; 6 de diciembre de 2024<\/p>\n<\/div>\n<p><a href=\"https:\/\/noapuertobaru.com\/comunicado-de-prensa\/reporte-dano-ambiental-puerto-baru\/\">Leer Informe<\/a><\/p>\n<\/li>\n<li>\n<p>        <img decoding=\"async\" src=\"\/wp-content\/uploads\/2025\/11\/report2.jpeg\" alt=\"\"><\/p>\n<h3>Informe T\u00e9cnico Panam\u00e1 Alternativa de Puerto Bar\u00fa: Puerto Armuelles<\/h3>\n<div>\n<p>Lynker &#8211; 6 de febrero de 2025<\/p>\n<\/div>\n<p><a href=\"https:\/\/noapuertobaru.com\/articulos\/puerto-armuelles-crecimiento-vs-puerto-baru\/\">Leer Informe<\/a><\/p>\n<\/li>\n<\/ul>\n<p><!--more--><br \/>\n<!-- {\"type\":\"layout\",\"children\":[{\"type\":\"section\",\"props\":{\"html_element\":\"section\",\"image_position\":\"center-center\",\"preserve_color\":false,\"style\":\"muted\",\"title_breakpoint\":\"xl\",\"title_position\":\"top-left\",\"title_rotation\":\"left\",\"vertical_align\":\"middle\",\"width\":\"default\"},\"children\":[{\"type\":\"row\",\"children\":[{\"type\":\"column\",\"props\":{\"image_position\":\"center-center\",\"position_sticky_breakpoint\":\"m\"},\"children\":[{\"type\":\"headline\",\"props\":{\"content\":\"Informes T\u00e9cnicos de Puerto Bar\u00fa\",\"image_align\":\"left\",\"image_margin\":\"xsmall\",\"margin_bottom\":\"small\",\"margin_top\":\"small\",\"text_align\":\"center\",\"title_element\":\"h2\",\"title_style\":\"h1\"}},{\"type\":\"text\",\"props\":{\"block_align\":\"center\",\"column_breakpoint\":\"m\",\"content\":\"\n\n<p>Descarga noticias y otros recursos.<\/p>\n\n\",\"margin_bottom\":\"medium\",\"margin_top\":\"remove\",\"maxwidth\":\"2xlarge\",\"text_align\":\"center\",\"text_style\":\"lead\"}},{\"name\":\"Reports Grid\",\"type\":\"gallery\",\"children\":[{\"type\":\"gallery_item\",\"props\":{\"content\":\"\n\n<p>Lynker - 6 de diciembre de 2024<\/p>\n\n\",\"hover_image\":\"\",\"image\":\"wp-content\/uploads\/2025\/11\/report1.jpeg\",\"link\":\"https:\/\/noapuertobaru.com\/comunicado-de-prensa\/reporte-dano-ambiental-puerto-baru\/\",\"media_overlay\":\"rgba(0, 0, 0, 0.15)\",\"meta\":\"\",\"title\":\"An\u00e1lisis T\u00e9cnico de los impactos ambientales del proyecto Puerto Bar\u00fa, Panam\u00e1.\"}},{\"type\":\"gallery_item\",\"props\":{\"content\":\"\n\n<p>Lynker - 6 de febrero de 2025<\/p>\n\n\",\"hover_image\":\"\",\"image\":\"wp-content\/uploads\/2025\/11\/report2.jpeg\",\"link\":\"https:\/\/noapuertobaru.com\/articulos\/puerto-armuelles-crecimiento-vs-puerto-baru\/\",\"media_overlay\":\"rgba(0, 0, 0, 0.15)\",\"meta\":\"\",\"title\":\"Informe T\u00e9cnico Panam\u00e1 Alternativa de Puerto Bar\u00fa: Puerto Armuelles\"}}],\"props\":{\"css\":\".el-item {\\n\\ttext-align: center;\\n\\tpadding: 0;\\n}\\n\\n.uk-position-bottom-center {\\n\\tleft: 0;\\n    top: 0;\\n    bottom: 0;\\n    transform: translate(0, 0);\\n    height: 100%;\\n    display: flex;\\n    align-items: center;\\n}\\n\\n.uk-panel {\\n    position: static;\\n    padding: 1rem 0.8rem;\\n    background-color: #0F3F6F;\\n    min-height: 160px;\\n    display: flex;\\n    flex-direction: column;\\n    align-items: center;\\n}\\n\\n.el-content {\\n    margin-top: 0 !important;\\n    padding: 0;\\n    min-height: auto;\\n}\\n\\n.el-content p {\\n\\tfont-size: 1.1rem;\\n    font-weight: 500;\\n    \\n    color: #C1D9E6;\\n}\\n\\n.el-title {\\n\\tfont-size: 1.3rem;\\n    padding: 0.5rem;\\n}\\n\\n.uk-margin-medium-top {\\n    margin-top: 0 !important;\\n}\\n\\n.el-link {\\n    position: absolute;\\n    z-index: 5;\\n    bottom: 15px;\\n    left: 50%;\\n    transform: translateX(-50%);\\n    border-width: 2px;\\n}\\n\\n\",\"filter_align\":\"left\",\"filter_all\":true,\"filter_grid_breakpoint\":\"m\",\"filter_grid_width\":\"auto\",\"filter_position\":\"top\",\"filter_style\":\"tab\",\"grid_column_align\":true,\"grid_column_gap\":\"medium\",\"grid_default\":\"2\",\"grid_medium\":\"3\",\"grid_row_gap\":\"medium\",\"grid_small\":\"2\",\"image_height\":1200,\"image_min_height\":\"490\",\"image_width\":\"900\",\"item_animation\":true,\"lightbox\":false,\"lightbox_bg_close\":true,\"link_margin\":\"medium\",\"link_style\":\"secondary\",\"link_target\":false,\"link_text\":\"Leer Informe\",\"margin_bottom\":\"default\",\"margin_top\":\"default\",\"meta_align\":\"above-title\",\"meta_element\":\"div\",\"meta_style\":\"h5\",\"overlay_hover\":false,\"overlay_link\":true,\"overlay_maxwidth\":\"large\",\"overlay_mode\":\"cover\",\"overlay_padding\":\"small\",\"overlay_position\":\"bottom-center\",\"overlay_style\":\"\",\"overlay_transition\":\"fade\",\"parallax_easing\":\"1\",\"show_content\":true,\"show_hover_image\":false,\"show_hover_video\":false,\"show_link\":true,\"show_meta\":true,\"show_title\":true,\"text_align\":\"left\",\"text_color\":\"light\",\"title_element\":\"h3\",\"title_hover_style\":\"reset\",\"title_style\":\"h2\"}}]}]}],\"name\":\"Reports Section\"}],\"version\":\"5.0.18\"} --><\/p>\n","protected":false},"excerpt":{"rendered":"<p>Informes T\u00e9cnicos de Puerto Bar\u00fa Descarga noticias y otros recursos. An\u00e1lisis T\u00e9cnico de los impactos ambientales del proyecto Puerto Bar\u00fa, Panam\u00e1. Lynker &#8211; 6 de diciembre de 2024 Leer Informe Informe T\u00e9cnico Panam\u00e1 Alternativa de Puerto Bar\u00fa: Puerto Armuelles Lynker &#8211; 6 de febrero de 2025 Leer Informe<\/p>","protected":false},"author":3,"featured_media":0,"parent":0,"menu_order":0,"comment_status":"closed","ping_status":"closed","template":"","meta":{"_acf_changed":false,"footnotes":""},"class_list":["post-1372","page","type-page","status-publish","hentry"],"acf":[],"yoast_head":"<!-- This site is optimized with the Yoast SEO plugin v27.4 - https:\/\/yoast.com\/product\/yoast-seo-wordpress\/ -->\n<title>No a Puerto Bar\u00fa en David - Informes T\u00e9cnicos<\/title>\n<meta name=\"robots\" content=\"index, follow, max-snippet:-1, max-image-preview:large, max-video-preview:-1\" \/>\n<link rel=\"canonical\" href=\"https:\/\/noapuertobaru.com\/en\/technical-reports\/\" \/>\n<meta property=\"og:locale\" content=\"en_GB\" \/>\n<meta property=\"og:type\" content=\"article\" \/>\n<meta property=\"og:title\" content=\"No a Puerto Bar\u00fa en David - Informes T\u00e9cnicos\" \/>\n<meta property=\"og:description\" content=\"Informes T\u00e9cnicos de Puerto Bar\u00fa Descarga noticias y otros recursos. An\u00e1lisis T\u00e9cnico de los impactos ambientales del proyecto Puerto Bar\u00fa, Panam\u00e1. Lynker &#8211; 6 de diciembre de 2024 Leer Informe Informe T\u00e9cnico Panam\u00e1 Alternativa de Puerto Bar\u00fa: Puerto Armuelles Lynker &#8211; 6 de febrero de 2025 Leer Informe\" \/>\n<meta property=\"og:url\" content=\"https:\/\/noapuertobaru.com\/en\/technical-reports\/\" \/>\n<meta property=\"og:site_name\" content=\"No a Puerto Bar&uacute;\" \/>\n<meta property=\"article:modified_time\" content=\"2026-03-06T20:17:56+00:00\" \/>\n<meta property=\"og:image\" content=\"https:\/\/noapuertobaru.com\/wp-content\/uploads\/2024\/10\/puertobaru.jpg\" \/>\n\t<meta property=\"og:image:width\" content=\"2560\" \/>\n\t<meta property=\"og:image:height\" content=\"1440\" \/>\n\t<meta property=\"og:image:type\" content=\"image\/jpeg\" \/>\n<meta name=\"twitter:card\" content=\"summary_large_image\" \/>\n<meta name=\"twitter:label1\" content=\"Estimated reading time\" \/>\n\t<meta name=\"twitter:data1\" content=\"1 minute\" \/>\n<script type=\"application\/ld+json\" class=\"yoast-schema-graph\">{\"@context\":\"https:\\\/\\\/schema.org\",\"@graph\":[{\"@type\":\"WebPage\",\"@id\":\"https:\\\/\\\/noapuertobaru.com\\\/informes-tecnicos\\\/\",\"url\":\"https:\\\/\\\/noapuertobaru.com\\\/informes-tecnicos\\\/\",\"name\":\"No a Puerto Bar\u00fa en David - Informes T\u00e9cnicos\",\"isPartOf\":{\"@id\":\"https:\\\/\\\/noapuertobaru.com\\\/#website\"},\"datePublished\":\"2026-02-25T21:48:23+00:00\",\"dateModified\":\"2026-03-06T20:17:56+00:00\",\"breadcrumb\":{\"@id\":\"https:\\\/\\\/noapuertobaru.com\\\/informes-tecnicos\\\/#breadcrumb\"},\"inLanguage\":\"en-GB\",\"potentialAction\":[{\"@type\":\"ReadAction\",\"target\":[\"https:\\\/\\\/noapuertobaru.com\\\/informes-tecnicos\\\/\"]}]},{\"@type\":\"BreadcrumbList\",\"@id\":\"https:\\\/\\\/noapuertobaru.com\\\/informes-tecnicos\\\/#breadcrumb\",\"itemListElement\":[{\"@type\":\"ListItem\",\"position\":1,\"name\":\"Home\",\"item\":\"https:\\\/\\\/noapuertobaru.com\\\/\"},{\"@type\":\"ListItem\",\"position\":2,\"name\":\"Informes T\u00e9cnicos de Puerto Bar\u00fa\"}]},{\"@type\":\"WebSite\",\"@id\":\"https:\\\/\\\/noapuertobaru.com\\\/#website\",\"url\":\"https:\\\/\\\/noapuertobaru.com\\\/\",\"name\":\"No a Puerto Bar\u00fa\",\"description\":\"No a Puerto Bar&uacute; is a coalition of environmental organisations from Panama.\",\"potentialAction\":[{\"@type\":\"SearchAction\",\"target\":{\"@type\":\"EntryPoint\",\"urlTemplate\":\"https:\\\/\\\/noapuertobaru.com\\\/?s={search_term_string}\"},\"query-input\":{\"@type\":\"PropertyValueSpecification\",\"valueRequired\":true,\"valueName\":\"search_term_string\"}}],\"inLanguage\":\"en-GB\"}]}<\/script>\n<!-- \/ Yoast SEO plugin. -->","yoast_head_json":{"title":"No to Puerto Bar\u00fa in David - Technical Reports","robots":{"index":"index","follow":"follow","max-snippet":"max-snippet:-1","max-image-preview":"max-image-preview:large","max-video-preview":"max-video-preview:-1"},"canonical":"https:\/\/noapuertobaru.com\/en\/technical-reports\/","og_locale":"en_GB","og_type":"article","og_title":"No a Puerto Bar\u00fa en David - Informes T\u00e9cnicos","og_description":"Informes T\u00e9cnicos de Puerto Bar\u00fa Descarga noticias y otros recursos. An\u00e1lisis T\u00e9cnico de los impactos ambientales del proyecto Puerto Bar\u00fa, Panam\u00e1. Lynker &#8211; 6 de diciembre de 2024 Leer Informe Informe T\u00e9cnico Panam\u00e1 Alternativa de Puerto Bar\u00fa: Puerto Armuelles Lynker &#8211; 6 de febrero de 2025 Leer Informe","og_url":"https:\/\/noapuertobaru.com\/en\/technical-reports\/","og_site_name":"No a Puerto Bar&uacute;","article_modified_time":"2026-03-06T20:17:56+00:00","og_image":[{"width":2560,"height":1440,"url":"https:\/\/noapuertobaru.com\/wp-content\/uploads\/2024\/10\/puertobaru.jpg","type":"image\/jpeg"}],"twitter_card":"summary_large_image","twitter_misc":{"Estimated reading time":"1 minute"},"schema":{"@context":"https:\/\/schema.org","@graph":[{"@type":"WebPage","@id":"https:\/\/noapuertobaru.com\/informes-tecnicos\/","url":"https:\/\/noapuertobaru.com\/informes-tecnicos\/","name":"No to Puerto Bar\u00fa in David - Technical Reports","isPartOf":{"@id":"https:\/\/noapuertobaru.com\/#website"},"datePublished":"2026-02-25T21:48:23+00:00","dateModified":"2026-03-06T20:17:56+00:00","breadcrumb":{"@id":"https:\/\/noapuertobaru.com\/informes-tecnicos\/#breadcrumb"},"inLanguage":"en-GB","potentialAction":[{"@type":"ReadAction","target":["https:\/\/noapuertobaru.com\/informes-tecnicos\/"]}]},{"@type":"BreadcrumbList","@id":"https:\/\/noapuertobaru.com\/informes-tecnicos\/#breadcrumb","itemListElement":[{"@type":"ListItem","position":1,"name":"Home","item":"https:\/\/noapuertobaru.com\/"},{"@type":"ListItem","position":2,"name":"Informes T\u00e9cnicos de Puerto Bar\u00fa"}]},{"@type":"WebSite","@id":"https:\/\/noapuertobaru.com\/#website","url":"https:\/\/noapuertobaru.com\/","name":"No To Puerto Bar\u00fa","description":"No a Puerto Bar\u00fa is a coalition of environmental organisations from Panama.","potentialAction":[{"@type":"SearchAction","target":{"@type":"EntryPoint","urlTemplate":"https:\/\/noapuertobaru.com\/?s={search_term_string}"},"query-input":{"@type":"PropertyValueSpecification","valueRequired":true,"valueName":"search_term_string"}}],"inLanguage":"en-GB"}]}},"_links":{"self":[{"href":"https:\/\/noapuertobaru.com\/en\/wp-json\/wp\/v2\/pages\/1372","targetHints":{"allow":["GET"]}}],"collection":[{"href":"https:\/\/noapuertobaru.com\/en\/wp-json\/wp\/v2\/pages"}],"about":[{"href":"https:\/\/noapuertobaru.com\/en\/wp-json\/wp\/v2\/types\/page"}],"author":[{"embeddable":true,"href":"https:\/\/noapuertobaru.com\/en\/wp-json\/wp\/v2\/users\/3"}],"replies":[{"embeddable":true,"href":"https:\/\/noapuertobaru.com\/en\/wp-json\/wp\/v2\/comments?post=1372"}],"version-history":[{"count":6,"href":"https:\/\/noapuertobaru.com\/en\/wp-json\/wp\/v2\/pages\/1372\/revisions"}],"predecessor-version":[{"id":1404,"href":"https:\/\/noapuertobaru.com\/en\/wp-json\/wp\/v2\/pages\/1372\/revisions\/1404"}],"wp:attachment":[{"href":"https:\/\/noapuertobaru.com\/en\/wp-json\/wp\/v2\/media?parent=1372"}],"curies":[{"name":"wp","href":"https:\/\/api.w.org\/{rel}","templated":true}]}}